{"id":3122,"date":"2023-03-10T15:29:50","date_gmt":"2023-03-10T21:29:50","guid":{"rendered":"http:\/\/pspmh-prod.cc.uregina.ca\/trouvez-programmes-ou-formations\/"},"modified":"2024-07-05T14:21:39","modified_gmt":"2024-07-05T20:21:39","slug":"trouvez-des-programmes-ou-formations","status":"publish","type":"page","link":"https:\/\/www.pspmentalhealth.ca\/fr\/trouvez-des-programmes-ou-formations\/","title":{"rendered":"Trouvez des Programmes ou Formations"},"content":{"rendered":"\t\t<div data-elementor-type=\"wp-page\" data-elementor-id=\"3122\" class=\"elementor elementor-3122 elementor-3039\">\n\t\t\t\t\t\t<section class=\"elementor-section elementor-top-section elementor-element elementor-element-f40ae3b elementor-section-full_width cont elementor-section-height-default elementor-section-height-default\" data-id=\"f40ae3b\" data-element_type=\"section\">\r\n\t\t\r\n\t\t\t\t\t\t\t<div class=\"elementor-container elementor-column-gap-default\">\r\n\t\t\t\t\t\t\t\t\t\t\t<div class=\"elementor-column elementor-col-100 elementor-top-column elementor-element elementor-element-5b5233f\" data-id=\"5b5233f\" data-element_type=\"column\">\r\n\t\t\t\t\t<div class=\"elementor-widget-wrap elementor-element-populated\">\r\n\t\t\t\t\t\t\t\t<div class=\"elementor-element elementor-element-ccf9654 elementor-widget elementor-widget-heading\" data-id=\"ccf9654\" data-element_type=\"widget\" data-widget_type=\"heading.default\">\n\t\t\t\t<div class=\"elementor-widget-container\">\n\t\t\t\t\t<p class=\"elementor-heading-title elementor-size-default\">Vous trouverez ci-dessous une base de donn\u00e9es de toutes les ressources en sant\u00e9 mentale disponibles pour les membres du personnel de la s\u00e9curit\u00e9 publique au Canada (PSP) et leurs familles.<\/p>\t\t\t\t<\/div>\n\t\t\t\t<\/div>\n\t\t\t\t<div class=\"elementor-element elementor-element-bc57351 elementor-widget elementor-widget-text-editor\" data-id=\"bc57351\" data-element_type=\"widget\" data-widget_type=\"text-editor.default\">\n\t\t\t\t<div class=\"elementor-widget-container\">\n\t\t\t\t\t\t\t\t\t<p>Veuillez utiliser les fonctions de recherche, de filtrage et de comparaison pour vous aider \u00e0 trouver la ressource la plus appropri\u00e9e.<\/p>\n\t\t\t\t\t\t\t\t<\/div>\n\t\t\t\t<\/div>\n\t\t\t\t<div class=\"elementor-element elementor-element-0b2db9b elementor-align-center elementor-icon-list--layout-traditional elementor-list-item-link-full_width elementor-widget elementor-widget-icon-list\" data-id=\"0b2db9b\" data-element_type=\"widget\" data-widget_type=\"icon-list.default\">\n\t\t\t\t<div class=\"elementor-widget-container\">\n\t\t\t\t\t\t\t<ul class=\"elementor-icon-list-items\">\n\t\t\t\t\t\t\t<li class=\"elementor-icon-list-item\">\n\t\t\t\t\t\t\t\t\t\t\t<span class=\"elementor-icon-list-icon\">\n\t\t\t\t\t\t\t<i aria-hidden=\"true\" class=\"fas fa-exclamation-circle\"><\/i>\t\t\t\t\t\t<\/span>\n\t\t\t\t\t\t\t\t\t\t<span class=\"elementor-icon-list-text\">*** Nous fournissons une liste, mais nous ne cautionnons aucun des programmes et services de soutien en sant\u00e9 mentale. ***<\/span>\n\t\t\t\t\t\t\t\t\t<\/li>\n\t\t\t\t\t\t<\/ul>\n\t\t\t\t\t\t<\/div>\n\t\t\t\t<\/div>\n\t\t\t\t<div class=\"elementor-element elementor-element-a1ddc68 elementor-widget elementor-widget-porto_button\" data-id=\"a1ddc68\" data-element_type=\"widget\" data-settings=\"{&quot;align&quot;:&quot;right&quot;}\" data-widget_type=\"porto_button.default\">\n\t\t\t\t<div class=\"elementor-widget-container\">\n\t\t\t\t\t<a aria-label=\"button\" class=\"btn btn-md btn-dark btn-modern btn-icon hover-icon-zoom\" href=\"https:\/\/www.pspmentalhealth.ca\/fr\/trouver-du-soutien-mode-carte?servicetype=2\" target=\"_blank\"><i class=\"fas fa-map-marked-alt\"><\/i><span >Mode carte<\/span><\/a>\t\t\t\t<\/div>\n\t\t\t\t<\/div>\n\t\t\t\t\t<\/div>\r\n\t\t\t\t<\/div>\r\n\t\t\t\t\t<\/div>\r\n\t\t\t\t<\/section>\r\n\t\t\t\t<\/div>\n\t\t","protected":false},"excerpt":{"rendered":"<p>Vous trouverez ci-dessous une base de donn\u00e9es de toutes les ressources en sant\u00e9 mentale disponibles pour les membres du personnel de la s\u00e9curit\u00e9 publique au Canada (PSP) et leurs familles. Veuillez utiliser les fonctions de recherche, de filtrage et de comparaison pour vous aider \u00e0 trouver la ressource la plus appropri\u00e9e. *** Nous fournissons une [&hellip;]<\/p>\n","protected":false},"author":1,"featured_media":0,"parent":0,"menu_order":0,"comment_status":"closed","ping_status":"closed","template":"pagetemplate_services_programstrainings_servicetypes.php","meta":{"footnotes":""},"class_list":["post-3122","page","type-page","status-publish","hentry"],"_links":{"self":[{"href":"https:\/\/www.pspmentalhealth.ca\/fr\/wp-json\/wp\/v2\/pages\/3122","targetHints":{"allow":["GET"]}}],"collection":[{"href":"https:\/\/www.pspmentalhealth.ca\/fr\/wp-json\/wp\/v2\/pages"}],"about":[{"href":"https:\/\/www.pspmentalhealth.ca\/fr\/wp-json\/wp\/v2\/types\/page"}],"author":[{"embeddable":true,"href":"https:\/\/www.pspmentalhealth.ca\/fr\/wp-json\/wp\/v2\/users\/1"}],"replies":[{"embeddable":true,"href":"https:\/\/www.pspmentalhealth.ca\/fr\/wp-json\/wp\/v2\/comments?post=3122"}],"version-history":[{"count":10,"href":"https:\/\/www.pspmentalhealth.ca\/fr\/wp-json\/wp\/v2\/pages\/3122\/revisions"}],"predecessor-version":[{"id":4285,"href":"https:\/\/www.pspmentalhealth.ca\/fr\/wp-json\/wp\/v2\/pages\/3122\/revisions\/4285"}],"wp:attachment":[{"href":"https:\/\/www.pspmentalhealth.ca\/fr\/wp-json\/wp\/v2\/media?parent=3122"}],"curies":[{"name":"wp","href":"https:\/\/api.w.org\/{rel}","templated":true}]}}